{"id":165,"date":"2021-02-12T23:27:06","date_gmt":"2021-02-12T22:27:06","guid":{"rendered":"http:\/\/new.puregliding.fr\/about-us\/"},"modified":"2021-02-12T23:27:08","modified_gmt":"2021-02-12T22:27:08","slug":"about-us","status":"publish","type":"page","link":"https:\/\/puregliding.fr\/en\/about-us\/","title":{"rendered":"About Us"},"content":{"rendered":"<p>[vc_row row_width=&#8221;wtbx_stretch_row_content&#8221; max_width=&#8221;500&#8243; row_height_type=&#8221;fixed_height_screen&#8221; height=&#8221;15&#8243; min_height=&#8221;594&#8243; content_placement=&#8221;middle&#8221; custom_bg_type=&#8221;image&#8221; custom_bg_cover=&#8221;cover&#8221; custom_bg_repeat=&#8221;no-repeat&#8221; custom_bg_position=&#8221;Center center&#8221; animated_layer=&#8221;anim_bg_image&#8221; anim_bg_repeat=&#8221;repeat&#8221; anim_bg_position=&#8221;Left top&#8221; anim_bg_attachment=&#8221;scroll&#8221; anim_direction=&#8221;to_left&#8221; anim_time=&#8221;40&#8243; textalign=&#8221;align_center&#8221; nav_skin=&#8221;light&#8221; consent_include=&#8221;include&#8221; equal_height=&#8221;true&#8221; custom_bg_color=&#8221;{&#8220;solid&#8220;:{&#8220;id&#8220;:&#8220;custom_color&#8220;,&#8220;color&#8220;:&#8220;rgba(0,0,0,1)&#8220;}}&#8221; custom_bg_image=&#8221;129&#8243; anim_bg_image=&#8221;http:\/\/themes.whiteboxstud.io\/scape\/main\/wp-content\/uploads\/2018\/01\/clouds.png&#8221;][vc_column 0=&#8221;css_animation=&#8220;&#8221; css_animation=&#8221;&#8221;][vc_text_element typography=&#8221;{&#8220;variants&#8220;:&#8220;900&#8220;,&#8220;transform&#8220;:&#8220;uppercase&#8220;,&#8220;font_size&#8220;:&#8220;56px&#8220;,&#8220;line_height&#8220;:&#8220;1em&#8220;,&#8220;letter_spacing&#8220;:&#8220;0.15em&#8220;}&#8221; responsiveness=&#8221;yes&#8221; tablet_portrait=&#8221;100&#8243; mobile_landscape=&#8221;70&#8243; mobile_portrait=&#8221;40&#8243; css_animation=&#8221;&#8221; color=&#8221;{&#8220;id&#8220;:&#8220;custom_color&#8220;,&#8220;color&#8220;:&#8220;rgba(252,252,252,0.73)&#8220;}&#8221;]<\/p>\n<div>About us<\/div>\n<p>[\/vc_text_element][\/vc_column][\/vc_row][vc_row max_width=&#8221;1000&#8243; nav_skin=&#8221;light&#8221; consent_include=&#8221;include&#8221; custom_bg_color=&#8221;{&#8220;solid&#8220;:{&#8220;id&#8220;:&#8220;&#8220;,&#8220;color&#8220;:&#8220;&#8220;}}&#8221; el_design=&#8221;{&#8220;desktop&#8220;:{&#8220;padding-top&#8220;:&#8220;120&#8220;,&#8220;padding-bottom&#8220;:&#8220;60&#8220;}}&#8221;][vc_column 0=&#8221;css_animation=&#8220;&#8221; width=&#8221;1\/3&#8243; css_animation=&#8221;&#8221;][vc_heading heading_text=&#8221;Qui sommes nous ?&#8221; heading_wrapper=&#8221;h3&#8243; heading_typography=&#8221;{&#8220;font_family&#8220;:&#8220;46203206&#8220;,&#8220;variants&#8220;:&#8220;700&#8220;,&#8220;subsets&#8220;:&#8220;latin&#8220;,&#8220;font_size&#8220;:&#8220;30px&#8220;}&#8221; css_animation=&#8221;&#8221;][\/vc_column][vc_column 0=&#8221;css_animation=&#8220;&#8221; el_design=&#8221;{&#8220;tablet_portrait&#8220;:{&#8220;border-left&#8220;:0,&#8220;padding-top&#8220;:&#8220;15&#8220;,&#8220;padding-left&#8220;:&#8220;15&#8220;},&#8220;desktop&#8220;:{&#8220;border-top&#8220;:0,&#8220;border-right&#8220;:0,&#8220;border-bottom&#8220;:0,&#8220;border-left&#8220;:2,&#8220;padding-top&#8220;:&#8220;0&#8220;,&#8220;padding-right&#8220;:&#8220;15&#8220;,&#8220;padding-bottom&#8220;:&#8220;0&#8220;,&#8220;padding-left&#8220;:&#8220;60&#8220;,&#8220;border-style&#8220;:&#8220;solid&#8220;}}&#8221; width=&#8221;2\/3&#8243; css_animation=&#8221;&#8221; border_color=&#8221;{&#8220;id&#8220;:&#8220;Main accent color&#8220;,&#8220;color&#8220;:&#8220;#4970ff&#8220;}&#8221;][vc_text_element typography=&#8221;{&#8220;variants&#8220;:&#8220;400&#8220;,&#8220;font_size&#8220;:&#8220;15px&#8220;}&#8221; disable_margin=&#8221;yes&#8221; css_animation=&#8221;&#8221; color=&#8221;{&#8220;id&#8220;:&#8220;Dark color&#8220;,&#8220;color&#8220;:&#8220;#2d3543&#8220;}&#8221;]<strong>P<\/strong>ure gliding was created by a team of enthusiasts French glider pilots to offer gliding solutions.<\/p>\n<p>Our ambition is to make GPS navigation in gliders more accessible by offering an all in one solution at an affordable price.<\/p>\n<h4>Our goal &#8230;<\/h4>\n<p>Offer you our expertise as well as solutions so that you can live your passion to the fullest.[\/vc_text_element][\/vc_column][\/vc_row][vc_row max_width=&#8221;800&#8243; nav_skin=&#8221;light&#8221; consent_include=&#8221;include&#8221; el_design=&#8221;{&#8220;desktop&#8220;:{&#8220;padding-top&#8220;:&#8220;60&#8220;,&#8220;padding-bottom&#8220;:&#8220;60&#8220;}}&#8221;][vc_column 0=&#8221;css_animation=&#8220;&#8221; css_animation=&#8221;&#8221;][vc_expandable_list 0=&#8221;css_animation=&#8220;&#8221; style=&#8221;border&#8221; skin=&#8221;light&#8221; css_animation=&#8221;&#8221;][vc_expandable_list_item title=&#8221;Comment puis-je contacter votre service client\u00e8le ?&#8221;][vc_text_element 0=&#8221;css_animation=&#8220;&#8221; disable_margin=&#8221;yes&#8221; css_animation=&#8221;&#8221;]<\/p>\n<div id=\"elementor-tab-content-2021\" class=\"elementor-tab-content elementor-clearfix elementor-active\" role=\"tabpanel\" data-tab=\"1\" aria-labelledby=\"elementor-tab-title-2021\">\n<ul>\n<li>Envoyez-nous un courrier \u00e9lectronique \u00e0 l\u2019adresse contact@puregliding.fr<\/li>\n<li>Contactez-nous via la rubrique contact sur le site web<\/li>\n<\/ul>\n<p>Nous mettrons tout en \u0153uvre pour vous r\u00e9pondre dans un d\u00e9lai de 24 heures.<\/p>\n<\/div>\n<p>[\/vc_text_element][\/vc_expandable_list_item][vc_expandable_list_item title=&#8221;\u00c0 combien s&#8217;\u00e9l\u00e8vent les frais de livraison en France et quels sont les d\u00e9lais ?&#8221;][vc_text_element 0=&#8221;css_animation=&#8220;&#8221; disable_margin=&#8221;yes&#8221; css_animation=&#8221;&#8221;]<\/p>\n<div id=\"elementor-tab-content-2022\" class=\"elementor-tab-content elementor-clearfix elementor-active\" role=\"tabpanel\" data-tab=\"2\" aria-labelledby=\"elementor-tab-title-2022\">\n<p>Nous proposons une livraison en point relais gratuite sur toutes les commandes d\u2019un GPS Aquila.<br \/>\nLa livraison en point relais est assur\u00e9e dans un d\u00e9lai de 3 \u00e0 5 jours ouvrables.<\/p>\n<p>De plus nous proposons une livraison \u00e0 domicile via Colissimo en 2 jours ouvr\u00e9s pour 9 euros de plus.<\/p>\n<\/div>\n<p>[\/vc_text_element][\/vc_expandable_list_item][vc_expandable_list_item title=&#8221;Plusieurs membres de mon club sont int\u00e9ress\u00e9s par l\u2019Aquila, existe-t-il une offre pour un achat group\u00e9 ?&#8221;][vc_text_element 0=&#8221;css_animation=&#8220;&#8221; disable_margin=&#8221;yes&#8221; css_animation=&#8221;&#8221;]Oui, nous proposons des offres pour l\u2019achat group\u00e9 de GPS Aquila. Contactez-nous via notre rubrique contact en pr\u00e9cisant le club ainsi que la quantit\u00e9 souhait\u00e9e afin de vous proposer un devis.[\/vc_text_element][\/vc_expandable_list_item][vc_expandable_list_item title=&#8221;Quelle est votre politique de retours et de remboursements ? &#8220;][vc_text_element 0=&#8221;css_animation=&#8220;&#8221; disable_margin=&#8221;yes&#8221; css_animation=&#8221;&#8221;]Si vous avez chang\u00e9 d\u2019avis et souhaitez retourner votre produit, vous pouvez le faire dans les 30 jours suivant la date de votre commande et serez int\u00e9gralement rembours\u00e9.<br \/>\nLe produit devra \u00eatre conserv\u00e9 dans son \u00e9tat d\u2019origine et ne pas avoir \u00e9t\u00e9 ab\u00eem\u00e9.<br \/>\nLes frais de retour restent \u00e0 votre charge.[\/vc_text_element][\/vc_expandable_list_item][\/vc_expandable_list][\/vc_column][\/vc_row]<\/p>\n","protected":false},"excerpt":{"rendered":"<p>[vc_row row_width=&#8221;wtbx_stretch_row_content&#8221; max_width=&#8221;500&#8243; row_height_type=&#8221;fixed_height_screen&#8221; height=&#8221;15&#8243; min_height=&#8221;594&#8243; content_placement=&#8221;middle&#8221; custom_bg_type=&#8221;image&#8221; custom_bg_cover=&#8221;cover&#8221; custom_bg_repeat=&#8221;no-repeat&#8221; custom_bg_position=&#8221;Center center&#8221; animated_layer=&#8221;anim_bg_image&#8221; anim_bg_repeat=&#8221;repeat&#8221; anim_bg_position=&#8221;Left top&#8221; anim_bg_attachment=&#8221;scroll&#8221; anim_direction=&#8221;to_left&#8221; anim_time=&#8221;40&#8243; textalign=&#8221;align_center&#8221; nav_skin=&#8221;light&#8221; consent_include=&#8221;include&#8221; equal_height=&#8221;true&#8221; custom_bg_color=&#8221;{&#8220;solid&#8220;:{&#8220;id&#8220;:&#8220;custom_color&#8220;,&#8220;color&#8220;:&#8220;rgba(0,0,0,1)&#8220;}}&#8221; custom_bg_image=&#8221;129&#8243; anim_bg_image=&#8221;http:\/\/themes.whiteboxstud.io\/scape\/main\/wp-content\/uploads\/2018\/01\/clouds.png&#8221;][vc_column 0=&#8221;css_animation=&#8220;&#8221; css_animation=&#8221;&#8221;][vc_text_element typography=&#8221;{&#8220;variants&#8220;:&#8220;900&#8220;,&#8220;transform&#8220;:&#8220;uppercase&#8220;,&#8220;font_size&#8220;:&#8220;56px&#8220;,&#8220;line_height&#8220;:&#8220;1em&#8220;,&#8220;letter_spacing&#8220;:&#8220;0.15em&#8220;}&#8221; responsiveness=&#8221;yes&#8221; tablet_portrait=&#8221;100&#8243; mobile_landscape=&#8221;70&#8243; mobile_portrait=&#8221;40&#8243; css_animation=&#8221;&#8221; color=&#8221;{&#8220;id&#8220;:&#8220;custom_color&#8220;,&#8220;color&#8220;:&#8220;rgba(252,252,252,0.73)&#8220;}&#8221;] About us [\/vc_text_element][\/vc_column][\/vc_row][vc_row max_width=&#8221;1000&#8243; nav_skin=&#8221;light&#8221; consent_include=&#8221;include&#8221; custom_bg_color=&#8221;{&#8220;solid&#8220;:{&#8220;id&#8220;:&#8220;&#8220;,&#8220;color&#8220;:&#8220;&#8220;}}&#8221; el_design=&#8221;{&#8220;desktop&#8220;:{&#8220;padding-top&#8220;:&#8220;120&#8220;,&#8220;padding-bottom&#8220;:&#8220;60&#8220;}}&#8221;][vc_column 0=&#8221;css_animation=&#8220;&#8221; width=&#8221;1\/3&#8243; css_animation=&#8221;&#8221;][vc_heading heading_text=&#8221;Qui sommes nous ?&#8221; heading_wrapper=&#8221;h3&#8243; heading_typography=&#8221;{&#8220;font_family&#8220;:&#8220;46203206&#8220;,&#8220;variants&#8220;:&#8220;700&#8220;,&#8220;subsets&#8220;:&#8220;latin&#8220;,&#8220;font_size&#8220;:&#8220;30px&#8220;}&#8221; css_animation=&#8221;&#8221;][\/vc_column][vc_column 0=&#8221;css_animation=&#8220;&#8221; el_design=&#8221;{&#8220;tablet_portrait&#8220;:{&#8220;border-left&#8220;:0,&#8220;padding-top&#8220;:&#8220;15&#8220;,&#8220;padding-left&#8220;:&#8220;15&#8220;},&#8220;desktop&#8220;:{&#8220;border-top&#8220;:0,&#8220;border-right&#8220;:0,&#8220;border-bottom&#8220;:0,&#8220;border-left&#8220;:2,&#8220;padding-top&#8220;:&#8220;0&#8220;,&#8220;padding-right&#8220;:&#8220;15&#8220;,&#8220;padding-bottom&#8220;:&#8220;0&#8220;,&#8220;padding-left&#8220;:&#8220;60&#8220;,&#8220;border-style&#8220;:&#8220;solid&#8220;}}&#8221; width=&#8221;2\/3&#8243; css_animation=&#8221;&#8221; border_color=&#8221;{&#8220;id&#8220;:&#8220;Main accent color&#8220;,&#8220;color&#8220;:&#8220;#4970ff&#8220;}&#8221;][vc_text_element typography=&#8221;{&#8220;variants&#8220;:&#8220;400&#8220;,&#8220;font_size&#8220;:&#8220;15px&#8220;}&#8221; disable_margin=&#8221;yes&#8221; css_animation=&#8221;&#8221; color=&#8221;{&#8220;id&#8220;:&#8220;Dark color&#8220;,&#8220;color&#8220;:&#8220;#2d3543&#8220;}&#8221;]Pure gliding was created by a team of enthusiasts French glider [&hellip;]<\/p>\n","protected":false},"author":1,"featured_media":0,"parent":0,"menu_order":0,"comment_status":"closed","ping_status":"closed","template":"","meta":{"footnotes":""},"class_list":["post-165","page","type-page","status-publish","hentry"],"_links":{"self":[{"href":"https:\/\/puregliding.fr\/en\/wp-json\/wp\/v2\/pages\/165","targetHints":{"allow":["GET"]}}],"collection":[{"href":"https:\/\/puregliding.fr\/en\/wp-json\/wp\/v2\/pages"}],"about":[{"href":"https:\/\/puregliding.fr\/en\/wp-json\/wp\/v2\/types\/page"}],"author":[{"embeddable":true,"href":"https:\/\/puregliding.fr\/en\/wp-json\/wp\/v2\/users\/1"}],"replies":[{"embeddable":true,"href":"https:\/\/puregliding.fr\/en\/wp-json\/wp\/v2\/comments?post=165"}],"version-history":[{"count":0,"href":"https:\/\/puregliding.fr\/en\/wp-json\/wp\/v2\/pages\/165\/revisions"}],"wp:attachment":[{"href":"https:\/\/puregliding.fr\/en\/wp-json\/wp\/v2\/media?parent=165"}],"curies":[{"name":"wp","href":"https:\/\/api.w.org\/{rel}","templated":true}]}}